{"id":12,"date":"2016-06-23T09:18:53","date_gmt":"2016-06-23T09:18:53","guid":{"rendered":"https:\/\/ilsentierodorato.it\/?page_id=12"},"modified":"2022-03-10T20:04:37","modified_gmt":"2022-03-10T19:04:37","slug":"our-classes","status":"publish","type":"page","link":"https:\/\/ilsentierodorato.it\/?page_id=12","title":{"rendered":"Prima infanzia : 3 mesi -3 anni"},"content":{"rendered":"<p><div class=\"fusion-fullwidth fullwidth-box fusion-builder-row-1 fusion-flex-container fusion-parallax-none nonhundred-percent-fullwidth non-hundred-percent-height-scrolling lazyload\" style=\"background-color: rgba(255,255,255,0);background-position: center center;background-repeat: no-repeat;border-width: 0px 0px 0px 0px;border-color:#eae9e9;border-style:solid;-webkit-background-size:cover;-moz-background-size:cover;-o-background-size:cover;background-size:cover;\" data-bg=\"https:\/\/ilsentierodorato.it\/wp-content\/uploads\/2016\/06\/courses_banner.jpg\" ><div class=\"fusion-builder-row fusion-row fusion-flex-align-items-flex-start\" style=\"max-width:calc( 1350px + 0px );margin-left: calc(-0px \/ 2 );margin-right: calc(-0px \/ 2 );\"><\/div><style type=\"text\/css\">.fusion-body .fusion-flex-container.fusion-builder-row-1{ padding-top : 200px;margin-top : 0px;padding-right : 0px;padding-bottom : 200px;margin-bottom : 0px;padding-left : 0px;}<\/style><\/div><div class=\"fusion-fullwidth fullwidth-box fusion-builder-row-2 fusion-flex-container nonhundred-percent-fullwidth non-hundred-percent-height-scrolling\" style=\"background-color: rgba(255,255,255,0);background-position: left top;background-repeat: no-repeat;border-width: 0px 0px 0px 0px;border-color:#eae9e9;border-style:solid;\" ><div class=\"fusion-builder-row fusion-row fusion-flex-align-items-flex-start\" style=\"max-width:1404px;margin-left: calc(-4% \/ 2 );margin-right: calc(-4% \/ 2 );\"><div class=\"fusion-layout-column fusion_builder_column fusion-builder-column-0 fusion_builder_column_2_5 2_5 fusion-flex-column\"><div class=\"fusion-column-wrapper fusion-flex-justify-content-flex-start fusion-content-layout-column\" style=\"background-position:left top;background-blend-mode: overlay;background-repeat:no-repeat;-webkit-background-size:cover;-moz-background-size:cover;-o-background-size:cover;background-size:cover;padding: 115px 0px 0px 0px;\"><div ><span class=\" fusion-imageframe imageframe-none imageframe-1 hover-type-none\"><img decoding=\"async\" width=\"400\" height=\"400\" title=\"courses_section_1\" src=\"data:image\/svg+xml,%3Csvg%20xmlns%3D%27http%3A%2F%2Fwww.w3.org%2F2000%2Fsvg%27%20width%3D%27400%27%20height%3D%27400%27%20viewBox%3D%270%200%20400%20400%27%3E%3Crect%20width%3D%27400%27%20height%3D%27400%27%20fill-opacity%3D%220%22%2F%3E%3C%2Fsvg%3E\" data-orig-src=\"https:\/\/ilsentierodorato.it\/wp-content\/uploads\/2016\/06\/courses_section_1.jpg\" alt class=\"lazyload img-responsive wp-image-110\"\/><\/span><\/div><\/div><style type=\"text\/css\">.fusion-body .fusion-builder-column-0{width:40% !important;margin-top : 0px;margin-bottom : 50px;}.fusion-builder-column-0 > .fusion-column-wrapper {padding-top : 115px !important;padding-right : 0px !important;margin-right : 3.84%;padding-bottom : 0px !important;padding-left : 0px !important;margin-left : 4.8%;}@media only screen and (max-width:1024px) {.fusion-body .fusion-builder-column-0{width:100% !important;}.fusion-builder-column-0 > .fusion-column-wrapper {margin-right : 1.92%;margin-left : 1.92%;}}@media only screen and (max-width:640px) {.fusion-body .fusion-builder-column-0{width:100% !important;}.fusion-builder-column-0 > .fusion-column-wrapper {margin-right : 1.92%;margin-left : 1.92%;}}<\/style><\/div><div class=\"fusion-layout-column fusion_builder_column fusion-builder-column-1 fusion_builder_column_3_5 3_5 fusion-flex-column\"><div class=\"fusion-column-wrapper fusion-flex-justify-content-flex-start fusion-content-layout-column\" style=\"background-position:left top;background-blend-mode: overlay;background-repeat:no-repeat;-webkit-background-size:cover;-moz-background-size:cover;-o-background-size:cover;background-size:cover;padding: 0px 0px 0px 0px;\"><style type=\"text\/css\">@media only screen and (max-width:1024px) {.fusion-title.fusion-title-1{margin-top:0px!important; margin-right:0px!important;margin-bottom:31px!important;margin-left:0px!important;}}@media only screen and (max-width:640px) {.fusion-title.fusion-title-1{margin-top:0px!important; margin-right:0px!important;margin-bottom:20px!important; margin-left:0px!important;}}<\/style><div class=\"fusion-title title fusion-title-1 fusion-sep-none fusion-title-text fusion-title-size-two\" style=\"font-size:32px;margin-top:0px;margin-right:0px;margin-bottom:31px;margin-left:0px;\"><h2 class=\"title-heading-left\" style=\"margin:0;font-size:1em;line-height:1;\"><span data-fusion-font=\"true\" data-fusion-google-font=\"Comic Neue\" data-fusion-google-variant=\"700\" style=\"font-family: 'Comic Neue'; font-weight: 700;\">Prima Infanzia : 3 Mesi &#8211; 3 Anni<\/span><\/h2><\/div><div class=\"fusion-separator\" style=\"align-self: flex-start;margin-right:auto;margin-top:0px;margin-bottom:35px;width:100%;max-width:50%;\"><div class=\"fusion-separator-border sep-single sep-dashed\" style=\"border-color:#fb6667;border-top-width:2px;\"><\/div><\/div><div class=\"fusion-text fusion-text-1\"><p data-fusion-font=\"true\" data-fusion-google-font=\"Comic Neue\" data-fusion-google-variant=\"700\" style=\"font-family: 'Comic Neue'; font-weight: 700;\">\u201cIl Sentiero Dorato\u201d \u00e8 un luogo accogliente, familiare, dotato di giochi e spazi confortevoli ai bambini.<\/p>\n<p data-fusion-font=\"true\" data-fusion-google-font=\"Comic Neue\" data-fusion-google-variant=\"700\" style=\"font-family: 'Comic Neue'; font-weight: 700;\">E\u2019 un servizio di sostegno ai genitori, di cura, assistenza e di potenziamento delle diverse abilit\u00e0 dei pi\u00f9 piccoli.<\/p>\n<p data-fusion-font=\"true\" data-fusion-google-font=\"Comic Neue\" data-fusion-google-variant=\"700\" style=\"font-family: 'Comic Neue'; font-weight: 700;\">Il gioco \u00e8 la principale attivit\u00e0 del bambino in questa fase, e riveste un ruolo formativo determinante per lo sviluppo della sua personalit\u00e0.<\/p>\n<p data-fusion-font=\"true\" data-fusion-google-font=\"Comic Neue\" data-fusion-google-variant=\"700\" style=\"font-family: 'Comic Neue'; font-weight: 700;\">Gli educatori propongono attivit\u00e0 differenziate secondo le fasce d\u2019et\u00e0 (3-24 mesi e 24-36 mesi), e alternano momenti di gioco strutturato a momenti di gioco libero; il gioco, infatti, \u00e8 considerato il modo pi\u00f9 naturale di costruire i propri modelli di conoscenza e comportamento.<\/p>\n<\/div><\/div><style type=\"text\/css\">.fusion-body .fusion-builder-column-1{width:60% !important;margin-top : 0px;margin-bottom : 50px;}.fusion-builder-column-1 > .fusion-column-wrapper {padding-top : 0px !important;padding-right : 0px !important;margin-right : 3.2%;padding-bottom : 0px !important;padding-left : 0px !important;margin-left : 3.84%;}@media only screen and (max-width:1024px) {.fusion-body .fusion-builder-column-1{width:100% !important;}.fusion-builder-column-1 > .fusion-column-wrapper {margin-right : 1.92%;margin-left : 1.92%;}}@media only screen and (max-width:640px) {.fusion-body .fusion-builder-column-1{width:100% !important;}.fusion-builder-column-1 > .fusion-column-wrapper {margin-right : 1.92%;margin-left : 1.92%;}}<\/style><\/div><\/div><style type=\"text\/css\">.fusion-body .fusion-flex-container.fusion-builder-row-2{ padding-top : 80px;margin-top : 0px;padding-right : 0px;padding-bottom : 60px;margin-bottom : 0px;padding-left : 0px;}<\/style><\/div><\/p>\n","protected":false},"excerpt":{"rendered":"","protected":false},"author":1,"featured_media":0,"parent":0,"menu_order":0,"comment_status":"closed","ping_status":"closed","template":"100-width.php","meta":{"footnotes":""},"class_list":["post-12","page","type-page","status-publish","hentry"],"yoast_head":"<!-- This site is optimized with the Yoast SEO plugin v26.2 - https:\/\/yoast.com\/wordpress\/plugins\/seo\/ -->\n<title>Prima infanzia : 3 mesi -3 anni - Il Sentiero Dorato<\/title>\n<meta name=\"robots\" content=\"index, follow, max-snippet:-1, max-image-preview:large, max-video-preview:-1\" \/>\n<link rel=\"canonical\" href=\"https:\/\/ilsentierodorato.it\/?page_id=12\" \/>\n<meta property=\"og:locale\" content=\"it_IT\" \/>\n<meta property=\"og:type\" content=\"article\" \/>\n<meta property=\"og:title\" content=\"Prima infanzia : 3 mesi -3 anni - Il Sentiero Dorato\" \/>\n<meta property=\"og:url\" content=\"https:\/\/ilsentierodorato.it\/?page_id=12\" \/>\n<meta property=\"og:site_name\" content=\"Il Sentiero Dorato\" \/>\n<meta property=\"article:publisher\" content=\"https:\/\/www.facebook.com\/ilsentierodorato\" \/>\n<meta property=\"article:modified_time\" content=\"2022-03-10T19:04:37+00:00\" \/>\n<meta property=\"og:image\" content=\"https:\/\/ilsentierodorato.it\/wp-content\/uploads\/2016\/06\/courses_section_1.jpg\" \/>\n<meta name=\"twitter:card\" content=\"summary_large_image\" \/>\n<meta name=\"twitter:label1\" content=\"Tempo di lettura stimato\" \/>\n\t<meta name=\"twitter:data1\" content=\"2 minuti\" \/>\n<script type=\"application\/ld+json\" class=\"yoast-schema-graph\">{\"@context\":\"https:\/\/schema.org\",\"@graph\":[{\"@type\":\"WebPage\",\"@id\":\"https:\/\/ilsentierodorato.it\/?page_id=12\",\"url\":\"https:\/\/ilsentierodorato.it\/?page_id=12\",\"name\":\"Prima infanzia : 3 mesi -3 anni - Il Sentiero Dorato\",\"isPartOf\":{\"@id\":\"https:\/\/ilsentierodorato.it\/#website\"},\"primaryImageOfPage\":{\"@id\":\"https:\/\/ilsentierodorato.it\/?page_id=12#primaryimage\"},\"image\":{\"@id\":\"https:\/\/ilsentierodorato.it\/?page_id=12#primaryimage\"},\"thumbnailUrl\":\"https:\/\/ilsentierodorato.it\/wp-content\/uploads\/2016\/06\/courses_section_1.jpg\",\"datePublished\":\"2016-06-23T09:18:53+00:00\",\"dateModified\":\"2022-03-10T19:04:37+00:00\",\"breadcrumb\":{\"@id\":\"https:\/\/ilsentierodorato.it\/?page_id=12#breadcrumb\"},\"inLanguage\":\"it-IT\",\"potentialAction\":[{\"@type\":\"ReadAction\",\"target\":[\"https:\/\/ilsentierodorato.it\/?page_id=12\"]}]},{\"@type\":\"ImageObject\",\"inLanguage\":\"it-IT\",\"@id\":\"https:\/\/ilsentierodorato.it\/?page_id=12#primaryimage\",\"url\":\"https:\/\/ilsentierodorato.it\/wp-content\/uploads\/2016\/06\/courses_section_1.jpg\",\"contentUrl\":\"https:\/\/ilsentierodorato.it\/wp-content\/uploads\/2016\/06\/courses_section_1.jpg\",\"width\":400,\"height\":400},{\"@type\":\"BreadcrumbList\",\"@id\":\"https:\/\/ilsentierodorato.it\/?page_id=12#breadcrumb\",\"itemListElement\":[{\"@type\":\"ListItem\",\"position\":1,\"name\":\"Home\",\"item\":\"https:\/\/ilsentierodorato.it\/\"},{\"@type\":\"ListItem\",\"position\":2,\"name\":\"Prima infanzia : 3 mesi -3 anni\"}]},{\"@type\":\"WebSite\",\"@id\":\"https:\/\/ilsentierodorato.it\/#website\",\"url\":\"https:\/\/ilsentierodorato.it\/\",\"name\":\"Il Sentiero Dorato\",\"description\":\"Prima infanzia (da 3 a 36 mesi) Scuola dell&#039;infanzia (da 3 a 5 anni) Animazione &amp; feste Laboratori pomeridiani\",\"publisher\":{\"@id\":\"https:\/\/ilsentierodorato.it\/#organization\"},\"potentialAction\":[{\"@type\":\"SearchAction\",\"target\":{\"@type\":\"EntryPoint\",\"urlTemplate\":\"https:\/\/ilsentierodorato.it\/?s={search_term_string}\"},\"query-input\":{\"@type\":\"PropertyValueSpecification\",\"valueRequired\":true,\"valueName\":\"search_term_string\"}}],\"inLanguage\":\"it-IT\"},{\"@type\":\"Organization\",\"@id\":\"https:\/\/ilsentierodorato.it\/#organization\",\"name\":\"Il sentiero dorato\",\"url\":\"https:\/\/ilsentierodorato.it\/\",\"logo\":{\"@type\":\"ImageObject\",\"inLanguage\":\"it-IT\",\"@id\":\"https:\/\/ilsentierodorato.it\/#\/schema\/logo\/image\/\",\"url\":\"https:\/\/ilsentierodorato.it\/wp-content\/uploads\/2021\/12\/PROVA-1.png\",\"contentUrl\":\"https:\/\/ilsentierodorato.it\/wp-content\/uploads\/2021\/12\/PROVA-1.png\",\"width\":300,\"height\":300,\"caption\":\"Il sentiero dorato\"},\"image\":{\"@id\":\"https:\/\/ilsentierodorato.it\/#\/schema\/logo\/image\/\"},\"sameAs\":[\"https:\/\/www.facebook.com\/ilsentierodorato\"]}]}<\/script>\n<!-- \/ Yoast SEO plugin. -->","yoast_head_json":{"title":"Prima infanzia : 3 mesi -3 anni - Il Sentiero Dorato","robots":{"index":"index","follow":"follow","max-snippet":"max-snippet:-1","max-image-preview":"max-image-preview:large","max-video-preview":"max-video-preview:-1"},"canonical":"https:\/\/ilsentierodorato.it\/?page_id=12","og_locale":"it_IT","og_type":"article","og_title":"Prima infanzia : 3 mesi -3 anni - Il Sentiero Dorato","og_url":"https:\/\/ilsentierodorato.it\/?page_id=12","og_site_name":"Il Sentiero Dorato","article_publisher":"https:\/\/www.facebook.com\/ilsentierodorato","article_modified_time":"2022-03-10T19:04:37+00:00","og_image":[{"url":"https:\/\/ilsentierodorato.it\/wp-content\/uploads\/2016\/06\/courses_section_1.jpg","type":"","width":"","height":""}],"twitter_card":"summary_large_image","twitter_misc":{"Tempo di lettura stimato":"2 minuti"},"schema":{"@context":"https:\/\/schema.org","@graph":[{"@type":"WebPage","@id":"https:\/\/ilsentierodorato.it\/?page_id=12","url":"https:\/\/ilsentierodorato.it\/?page_id=12","name":"Prima infanzia : 3 mesi -3 anni - Il Sentiero Dorato","isPartOf":{"@id":"https:\/\/ilsentierodorato.it\/#website"},"primaryImageOfPage":{"@id":"https:\/\/ilsentierodorato.it\/?page_id=12#primaryimage"},"image":{"@id":"https:\/\/ilsentierodorato.it\/?page_id=12#primaryimage"},"thumbnailUrl":"https:\/\/ilsentierodorato.it\/wp-content\/uploads\/2016\/06\/courses_section_1.jpg","datePublished":"2016-06-23T09:18:53+00:00","dateModified":"2022-03-10T19:04:37+00:00","breadcrumb":{"@id":"https:\/\/ilsentierodorato.it\/?page_id=12#breadcrumb"},"inLanguage":"it-IT","potentialAction":[{"@type":"ReadAction","target":["https:\/\/ilsentierodorato.it\/?page_id=12"]}]},{"@type":"ImageObject","inLanguage":"it-IT","@id":"https:\/\/ilsentierodorato.it\/?page_id=12#primaryimage","url":"https:\/\/ilsentierodorato.it\/wp-content\/uploads\/2016\/06\/courses_section_1.jpg","contentUrl":"https:\/\/ilsentierodorato.it\/wp-content\/uploads\/2016\/06\/courses_section_1.jpg","width":400,"height":400},{"@type":"BreadcrumbList","@id":"https:\/\/ilsentierodorato.it\/?page_id=12#breadcrumb","itemListElement":[{"@type":"ListItem","position":1,"name":"Home","item":"https:\/\/ilsentierodorato.it\/"},{"@type":"ListItem","position":2,"name":"Prima infanzia : 3 mesi -3 anni"}]},{"@type":"WebSite","@id":"https:\/\/ilsentierodorato.it\/#website","url":"https:\/\/ilsentierodorato.it\/","name":"Il Sentiero Dorato","description":"Prima infanzia (da 3 a 36 mesi) Scuola dell&#039;infanzia (da 3 a 5 anni) Animazione &amp; feste Laboratori pomeridiani","publisher":{"@id":"https:\/\/ilsentierodorato.it\/#organization"},"potentialAction":[{"@type":"SearchAction","target":{"@type":"EntryPoint","urlTemplate":"https:\/\/ilsentierodorato.it\/?s={search_term_string}"},"query-input":{"@type":"PropertyValueSpecification","valueRequired":true,"valueName":"search_term_string"}}],"inLanguage":"it-IT"},{"@type":"Organization","@id":"https:\/\/ilsentierodorato.it\/#organization","name":"Il sentiero dorato","url":"https:\/\/ilsentierodorato.it\/","logo":{"@type":"ImageObject","inLanguage":"it-IT","@id":"https:\/\/ilsentierodorato.it\/#\/schema\/logo\/image\/","url":"https:\/\/ilsentierodorato.it\/wp-content\/uploads\/2021\/12\/PROVA-1.png","contentUrl":"https:\/\/ilsentierodorato.it\/wp-content\/uploads\/2021\/12\/PROVA-1.png","width":300,"height":300,"caption":"Il sentiero dorato"},"image":{"@id":"https:\/\/ilsentierodorato.it\/#\/schema\/logo\/image\/"},"sameAs":["https:\/\/www.facebook.com\/ilsentierodorato"]}]}},"_links":{"self":[{"href":"https:\/\/ilsentierodorato.it\/index.php?rest_route=\/wp\/v2\/pages\/12","targetHints":{"allow":["GET"]}}],"collection":[{"href":"https:\/\/ilsentierodorato.it\/index.php?rest_route=\/wp\/v2\/pages"}],"about":[{"href":"https:\/\/ilsentierodorato.it\/index.php?rest_route=\/wp\/v2\/types\/page"}],"author":[{"embeddable":true,"href":"https:\/\/ilsentierodorato.it\/index.php?rest_route=\/wp\/v2\/users\/1"}],"replies":[{"embeddable":true,"href":"https:\/\/ilsentierodorato.it\/index.php?rest_route=%2Fwp%2Fv2%2Fcomments&post=12"}],"version-history":[{"count":36,"href":"https:\/\/ilsentierodorato.it\/index.php?rest_route=\/wp\/v2\/pages\/12\/revisions"}],"predecessor-version":[{"id":808,"href":"https:\/\/ilsentierodorato.it\/index.php?rest_route=\/wp\/v2\/pages\/12\/revisions\/808"}],"wp:attachment":[{"href":"https:\/\/ilsentierodorato.it\/index.php?rest_route=%2Fwp%2Fv2%2Fmedia&parent=12"}],"curies":[{"name":"wp","href":"https:\/\/api.w.org\/{rel}","templated":true}]}}