{"id":561,"date":"2021-05-19T14:49:29","date_gmt":"2021-05-19T14:49:29","guid":{"rendered":"https:\/\/ilsentierodorato.it\/?page_id=561"},"modified":"2025-10-21T13:57:33","modified_gmt":"2025-10-21T12:57:33","slug":"daycare-home","status":"publish","type":"page","link":"https:\/\/ilsentierodorato.it\/","title":{"rendered":"Home"},"content":{"rendered":"<p><div class=\"fusion-fullwidth fullwidth-box fusion-builder-row-1 fusion-flex-container fusion-parallax-none nonhundred-percent-fullwidth non-hundred-percent-height-scrolling\" style=\"background-color: rgba(255,255,255,0);background-image: url(&quot;https:\/\/ilsentierodorato.it\/wp-content\/uploads\/2016\/06\/kids_conner_4.jpg&quot;);background-position: center center;background-repeat: no-repeat;border-width: 0px 0px 0px 0px;border-color:#eae9e9;border-style:solid;-webkit-background-size:cover;-moz-background-size:cover;-o-background-size:cover;background-size:cover;\" data-preload-img=\"https:\/\/ilsentierodorato.it\/wp-content\/uploads\/2016\/06\/kids_conner_4.jpg\" ><div class=\"fusion-builder-row fusion-row fusion-flex-align-items-flex-start\" style=\"max-width:calc( 1350px + 0px );margin-left: calc(-0px \/ 2 );margin-right: calc(-0px \/ 2 );\"><\/div><style type=\"text\/css\">.fusion-body .fusion-flex-container.fusion-builder-row-1{ padding-top : 200px;margin-top : 0px;padding-right : 0px;padding-bottom : 200px;margin-bottom : 0px;padding-left : 0px;}<\/style><\/div><div class=\"fusion-fullwidth fullwidth-box fusion-builder-row-2 fusion-flex-container nonhundred-percent-fullwidth non-hundred-percent-height-scrolling\" style=\"background-color: rgba(255,255,255,0);background-position: left top;background-repeat: no-repeat;background-blend-mode: difference;border-width: 0px 0px 0px 0px;border-color:#eae9e9;border-style:solid;\" ><div class=\"fusion-builder-row fusion-row fusion-flex-align-items-flex-start\" style=\"max-width:1404px;margin-left: calc(-4% \/ 2 );margin-right: calc(-4% \/ 2 );\"><div class=\"fusion-layout-column fusion_builder_column fusion-builder-column-0 fusion_builder_column_1_1 1_1 fusion-flex-column\"><div class=\"fusion-column-wrapper fusion-flex-justify-content-flex-start fusion-content-layout-column\" style=\"background-position:left top;background-blend-mode: overlay;background-repeat:no-repeat;-webkit-background-size:cover;-moz-background-size:cover;-o-background-size:cover;background-size:cover;padding: 0px 0px 0px 0px;\"><style type=\"text\/css\">@media only screen and (max-width:1024px) {.fusion-title.fusion-title-1{margin-top:0px!important; margin-right:0px!important;margin-bottom:31px!important;margin-left:0px!important;}}@media only screen and (max-width:640px) {.fusion-title.fusion-title-1{margin-top:0px!important; margin-right:0px!important;margin-bottom:20px!important; margin-left:0px!important;}}<\/style><div class=\"fusion-title title fusion-title-1 fusion-sep-none fusion-title-text fusion-title-size-two\" style=\"margin-top:0px;margin-right:0px;margin-bottom:31px;margin-left:0px;\"><h2 class=\"title-heading-left\" style=\"margin:0;line-height:1;\"><span style=\"font-family: 'Comic Neue'; font-weight: bold;\" data-fusion-font=\"true\" data-fusion-google-font=\"Comic Neue\" data-fusion-google-variant=\"700\">Il Sentiero Dorato<\/span><\/h2><\/div><div class=\"fusion-separator\" style=\"align-self: flex-start;margin-right:auto;margin-top:0px;margin-bottom:35px;width:100%;max-width:50%;\"><div class=\"fusion-separator-border sep-single sep-dashed\" style=\"border-color:#fb6667;border-top-width:2px;\"><\/div><\/div><div class=\"fusion-text fusion-text-1\"><p><span style=\"font-family: 'Cedarville Cursive'; color: #4c4c4c; font-size: 20px; letter-spacing: normal;\" data-fusion-font=\"true\" data-fusion-google-font=\"Cedarville Cursive\" data-fusion-google-variant=\"400\"><b style=\"font-size: 22px;\" data-fusion-font=\"true\">\u201c\u2026\u2026I bambini sono il nostro futuro e la ragione pi\u00f9<a href=\"https:\/\/ilsentierodorato.it\/\" target=\"_blank\" rel=\"noopener\"> profonda<\/a> per conservare e migliorare la vita comune sul nostro pianeta. Sono espressione di un mondo complesso e inesauribile, di energie, potenzialit\u00e0, <a href=\"https:\/\/www.facebook.com\/ilsentierodorato\" target=\"_blank\" rel=\"noopener\">sorprese<\/a> e anche di fragilit\u00e0 &#8211; che vanno conosciute, osservate e accompagnate con cura, studio, responsabilit\u00e0 e attesa. Sono portatori di speciali e inalienabili diritti, codificati internazionalmente, che la scuola per prima \u00e8 chiamate a rispettare.\u201d<\/b><\/span><\/p>\n<\/div><\/div><style type=\"text\/css\">.fusion-body .fusion-builder-column-0{width:100% !important;margin-top : 0px;margin-bottom : 50px;}.fusion-builder-column-0 > .fusion-column-wrapper {padding-top : 0px !important;padding-right : 0px !important;margin-right : 1.92%;padding-bottom : 0px !important;padding-left : 0px !important;margin-left : 2.304%;}@media only screen and (max-width:1024px) {.fusion-body .fusion-builder-column-0{width:100% !important;}.fusion-builder-column-0 > .fusion-column-wrapper {margin-right : 1.92%;margin-left : 1.92%;}}@media only screen and (max-width:640px) {.fusion-body .fusion-builder-column-0{width:100% !important;}.fusion-builder-column-0 > .fusion-column-wrapper {margin-right : 1.92%;margin-left : 1.92%;}}<\/style><\/div><\/div><style type=\"text\/css\">.fusion-body .fusion-flex-container.fusion-builder-row-2{ padding-top : 14px;margin-top : 0px;padding-right : 0px;padding-bottom : 55px;margin-bottom : 0px;padding-left : 0px;}<\/style><\/div><div class=\"fusion-fullwidth fullwidth-box fusion-builder-row-3 fusion-flex-container nonhundred-percent-fullwidth non-hundred-percent-height-scrolling\" style=\"background-color: #26c281;background-position: center center;background-repeat: no-repeat;border-width: 0px 0px 0px 0px;border-color:#eae9e9;border-style:solid;\" ><div class=\"fusion-builder-row fusion-row fusion-flex-align-items-flex-start\" style=\"max-width:1404px;margin-left: calc(-4% \/ 2 );margin-right: calc(-4% \/ 2 );\"><div class=\"fusion-layout-column fusion_builder_column fusion-builder-column-1 fusion_builder_column_1_1 1_1 fusion-flex-column\"><div class=\"fusion-column-wrapper fusion-flex-justify-content-flex-start fusion-content-layout-column\" style=\"background-position:left top;background-repeat:no-repeat;-webkit-background-size:cover;-moz-background-size:cover;-o-background-size:cover;background-size:cover;background-color:#26c281;padding: 27px 0px 0px 0px;\"><div class=\"fusion-text fusion-text-2\"><h2 style=\"text-align: center; color: #ffffff;\"><span style=\"font-size: 36px; font-family: 'Comic Neue'; font-weight: bold;\" data-fusion-font=\"true\" data-fusion-google-font=\"Comic Neue\" data-fusion-google-variant=\"700\">Aperte le iscrizioni per l&#8217;anno educativo<\/span><\/h2>\n<p style=\"text-align: center; color: #ffffff;\"><span style=\"font-family: 'Comic Neue'; font-weight: bold; font-size: 43px;\" data-fusion-font=\"true\" data-fusion-google-font=\"Comic Neue\" data-fusion-google-variant=\"700\">2026\/2027.<\/span><\/p>\n<h2 style=\"text-align: center; color: #ffffff;\"><span style=\"font-size: 36px;\" data-fusion-font=\"true\"><br \/>\n<span style=\"font-family: 'Comic Neue'; font-weight: bold;\" data-fusion-font=\"true\" data-fusion-google-font=\"Comic Neue\" data-fusion-google-variant=\"700\">Prenota subito il tuo appuntamento<\/span><\/span><\/h2>\n<\/div><style>.fusion-form-form-wrapper .fusion-form-722 .fusion-form-tooltip .fusion-form-tooltip-content{color:#ffffff !important;background-color:#333333 !important;border-color:#333333 !important;}<\/style><div class=\"fusion-form fusion-form-builder fusion-form-form-wrapper fusion-form-722\" data-form-id=\"722\" data-config=\"{&quot;form_id&quot;:&quot;722&quot;,&quot;form_post_id&quot;:&quot;722&quot;,&quot;post_id&quot;:561,&quot;form_type&quot;:&quot;database_email&quot;,&quot;confirmation_type&quot;:&quot;redirect&quot;,&quot;redirect_url&quot;:&quot;https:\\\/\\\/ilsentierodorato.it\\\/grazie-per-averci-contattato\\\/&quot;,&quot;field_labels&quot;:{&quot;Nome&quot;:&quot;&quot;,&quot;inserisci_email_&quot;:&quot;&quot;,&quot;Telefono&quot;:&quot;&quot;,&quot;Anni_Mesi&quot;:&quot;&quot;},&quot;field_logics&quot;:{&quot;Nome&quot;:&quot;&quot;,&quot;inserisci_email_&quot;:&quot;&quot;,&quot;Telefono&quot;:&quot;&quot;,&quot;Anni_Mesi&quot;:&quot;&quot;}}\"><form action=\"https:\/\/ilsentierodorato.it\/\" method=\"post\" class=\"fusion-form fusion-form-722\"><div class=\"fusion-fullwidth fullwidth-box fusion-builder-row-3-1 fusion-flex-container nonhundred-percent-fullwidth non-hundred-percent-height-scrolling\" style=\"background-color: #26c281;background-position: center center;background-repeat: no-repeat;border-width: 0px 0px 0px 0px;border-color:#eae9e9;border-style:solid;\" ><div class=\"fusion-builder-row fusion-row fusion-flex-align-items-flex-start\" style=\"width:104% !important;max-width:104% !important;margin-left: calc(-4% \/ 2 );margin-right: calc(-4% \/ 2 );\"><div class=\"fusion-layout-column fusion_builder_column fusion-builder-column-2 fusion_builder_column_1_1 1_1 fusion-flex-column\"><div class=\"fusion-column-wrapper fusion-flex-justify-content-flex-start fusion-content-layout-column\" style=\"background-position:left top;background-repeat:no-repeat;-webkit-background-size:cover;-moz-background-size:cover;-o-background-size:cover;background-size:cover;padding: 0px 0px 0px 0px;\"><div class=\"fusion-form-field fusion-form-text-field fusion-form-label-above\" data-form-id=\"722\"><input type=\"text\" name=\"Nome\" id=\"Nome\" value=\"\"  class=\"fusion-form-input\" required=\"true\" aria-required=\"true\" placeholder=\"Nome e cognome *\" data-holds-private-data=\"false\" minlength=\"0\"\/><\/div><div class=\"fusion-form-field fusion-form-email-field fusion-form-label-above\" data-form-id=\"722\"><div class=\"fusion-form-label-wrapper\"><div class=\"fusion-form-tooltip\"><i class=\"awb-icon-question-circle\"><\/i><span class=\"fusion-form-tooltip-content\">Inserisci email per essere contattato<\/span><\/div><\/div><div class=\"fusion-form-input-with-icon\"><i class=\"fa-at fas\"><\/i><input type=\"email\" tabindex=\" \" name=\"inserisci_email_\" id=\"inserisci_email_\" value=\"\"  class=\"fusion-form-input\" required=\"true\" aria-required=\"true\" placeholder=\"Inserisci Email *\" data-holds-private-data=\"false\"\/><\/div><\/div><div class=\"fusion-form-field fusion-form-number-field fusion-form-label-above\" data-form-id=\"722\"><div class=\"fusion-form-label-wrapper\"><div class=\"fusion-form-tooltip\"><i class=\"awb-icon-question-circle\"><\/i><span class=\"fusion-form-tooltip-content\">Inserisci numero di telefono per essere contatatto<\/span><\/div><\/div><div class=\"fusion-form-input-with-icon\"><i class=\"fa-phone fas\"><\/i><input type=\"number\" name=\"Telefono\" id=\"Telefono\" value=\"\"  class=\"fusion-form-input\" required=\"true\" aria-required=\"true\" placeholder=\"Inserisci Telefono *\" data-holds-private-data=\"false\" min=\"0\" max=\"10000000000000\"\/><\/div><\/div><div class=\"fusion-form-field fusion-form-text-field fusion-form-label-above\" data-form-id=\"722\"><div class=\"fusion-form-label-wrapper\"><div class=\"fusion-form-tooltip\"><i class=\"awb-icon-question-circle\"><\/i><span class=\"fusion-form-tooltip-content\">Aggiungere e specificare anni o mesi <\/span><\/div><\/div><input type=\"text\" name=\"Anni_Mesi\" id=\"Anni_Mesi\" value=\"\"  class=\"fusion-form-input\" required=\"true\" aria-required=\"true\" placeholder=\"Anni\/mesi*\" data-holds-private-data=\"false\" minlength=\"0\"\/><\/div><div class=\"fusion-form-field fusion-form-recaptcha-field fusion-form-label-above\" data-form-id=\"722\">\t\t\t\t\t\t\t\t\t<div class=\"form-creator-recaptcha\" >\n\t\t\t\t\t\t\t\t\t\t\t\t\t<div\n\t\t\t\t\t\t\t\tid=\"g-recaptcha-722-1\"\n\t\t\t\t\t\t\t\tclass=\"fusion-form-recaptcha-v2\"\n\t\t\t\t\t\t\t\tdata-theme=\"light\"\n\t\t\t\t\t\t\t\tdata-sitekey=\"6Lco_T8eAAAAAKIRH7nuMlhvD00gDNelrC-U22-8\"\n\t\t\t\t\t\t\t\tdata-tabindex=\"\">\n\t\t\t\t\t\t\t<\/div>\n\t\t\t\t\t\t\t\t\t\t\t<\/div>\n\t\t\t\t\t\t\t\t<\/div><div class=\"fusion-form-field fusion-form-submit-field fusion-form-label-above\" data-form-id=\"722\"><div ><style>.fusion-button.button-1{border-radius:25px 25px 25px 25px;}<\/style><button type=\"submit\" class=\"fusion-button button-flat fusion-button-default-size button-default button-1 fusion-button-default-span  form-form-submit button-default\" data-form-number=\"722\" tabindex=\"\"><span class=\"fusion-button-text\">Invia Richiesta<\/span><\/button><\/div><\/div><\/div><style type=\"text\/css\">.fusion-body .fusion-builder-column-2{width:100% !important;margin-top : 0px;margin-bottom : 0px;}.fusion-builder-column-2 > .fusion-column-wrapper {padding-top : 0px !important;padding-right : 0px !important;margin-right : 0%;padding-bottom : 0px !important;padding-left : 0px !important;margin-left : 6.912%;}@media only screen and (max-width:1024px) {.fusion-body .fusion-builder-column-2{width:100% !important;order : 0;}.fusion-builder-column-2 > .fusion-column-wrapper {margin-right : 1.92%;margin-left : 1.92%;}}@media only screen and (max-width:640px) {.fusion-body .fusion-builder-column-2{width:100% !important;order : 0;}.fusion-builder-column-2 > .fusion-column-wrapper {margin-right : 1.92%;margin-left : 1.92%;}}<\/style><\/div><\/div><style type=\"text\/css\">.fusion-body .fusion-flex-container.fusion-builder-row-3-1{ padding-top : 0px;margin-top : 0px;padding-right : 0px;padding-bottom : 0px;margin-bottom : 0px;padding-left : 0px;}<\/style><\/div><input type=\"hidden\" name=\"fusion_privacy_store_ip_ua\" value=\"false\"><input type=\"hidden\" name=\"fusion_privacy_expiration_interval\" value=\"48\"><input type=\"hidden\" name=\"privacy_expiration_action\" value=\"anonymize\"><\/form><\/div><\/div><style type=\"text\/css\">.fusion-body .fusion-builder-column-1{width:100% !important;margin-top : 0px;margin-bottom : 0px;}.fusion-builder-column-1 > .fusion-column-wrapper {padding-top : 27px !important;padding-right : 0px !important;margin-right : 0%;padding-bottom : 0px !important;padding-left : 0px !important;margin-left : 0%;}@media only screen and (max-width:1024px) {.fusion-body .fusion-builder-column-1{width:100% !important;order : 0;}.fusion-builder-column-1 > .fusion-column-wrapper {margin-right : 1.92%;margin-left : 1.92%;}}@media only screen and (max-width:640px) {.fusion-body .fusion-builder-column-1{width:100% !important;order : 0;}.fusion-builder-column-1 > .fusion-column-wrapper {margin-right : 1.92%;margin-left : 1.92%;}}<\/style><\/div><\/div><style type=\"text\/css\">.fusion-body .fusion-flex-container.fusion-builder-row-3{ padding-top : 0px;margin-top : 0px;padding-right : 0px;padding-bottom : 0px;margin-bottom : 0px;padding-left : 0px;}<\/style><\/div><\/p>\n","protected":false},"excerpt":{"rendered":"","protected":false},"author":1,"featured_media":0,"parent":0,"menu_order":0,"comment_status":"closed","ping_status":"closed","template":"100-width.php","meta":{"footnotes":""},"class_list":["post-561","page","type-page","status-publish","hentry"],"yoast_head":"<!-- This site is optimized with the Yoast SEO plugin v26.2 - https:\/\/yoast.com\/wordpress\/plugins\/seo\/ -->\n<title>Il Sentiero Dorato<\/title>\n<meta name=\"description\" content=\"\u201cIl Sentiero Dorato\u201d \u00e8 un luogo accogliente, familiare, dotato di giochi e spazi confortevoli ai bambini. I bambini sono il nostro futuro\" \/>\n<meta name=\"robots\" content=\"index, follow, max-snippet:-1, max-image-preview:large, max-video-preview:-1\" \/>\n<link rel=\"canonical\" href=\"https:\/\/ilsentierodorato.it\/\" \/>\n<meta property=\"og:locale\" content=\"it_IT\" \/>\n<meta property=\"og:type\" content=\"article\" \/>\n<meta property=\"og:title\" content=\"Il Sentiero Dorato\" \/>\n<meta property=\"og:description\" content=\"\u201cIl Sentiero Dorato\u201d \u00e8 un luogo accogliente, familiare, dotato di giochi e spazi confortevoli ai bambini. I bambini sono il nostro futuro\" \/>\n<meta property=\"og:url\" content=\"https:\/\/ilsentierodorato.it\/\" \/>\n<meta property=\"og:site_name\" content=\"Il Sentiero Dorato\" \/>\n<meta property=\"article:publisher\" content=\"https:\/\/www.facebook.com\/ilsentierodorato\" \/>\n<meta property=\"article:modified_time\" content=\"2025-10-21T12:57:33+00:00\" \/>\n<meta name=\"twitter:card\" content=\"summary_large_image\" \/>\n<meta name=\"twitter:label1\" content=\"Tempo di lettura stimato\" \/>\n\t<meta name=\"twitter:data1\" content=\"2 minuti\" \/>\n<script type=\"application\/ld+json\" class=\"yoast-schema-graph\">{\"@context\":\"https:\/\/schema.org\",\"@graph\":[{\"@type\":\"WebPage\",\"@id\":\"https:\/\/ilsentierodorato.it\/\",\"url\":\"https:\/\/ilsentierodorato.it\/\",\"name\":\"Il Sentiero Dorato\",\"isPartOf\":{\"@id\":\"https:\/\/ilsentierodorato.it\/#website\"},\"datePublished\":\"2021-05-19T14:49:29+00:00\",\"dateModified\":\"2025-10-21T12:57:33+00:00\",\"description\":\"\u201cIl Sentiero Dorato\u201d \u00e8 un luogo accogliente, familiare, dotato di giochi e spazi confortevoli ai bambini. I bambini sono il nostro futuro\",\"breadcrumb\":{\"@id\":\"https:\/\/ilsentierodorato.it\/#breadcrumb\"},\"inLanguage\":\"it-IT\",\"potentialAction\":[{\"@type\":\"ReadAction\",\"target\":[\"https:\/\/ilsentierodorato.it\/\"]}]},{\"@type\":\"BreadcrumbList\",\"@id\":\"https:\/\/ilsentierodorato.it\/#breadcrumb\",\"itemListElement\":[{\"@type\":\"ListItem\",\"position\":1,\"name\":\"Home\",\"item\":\"https:\/\/ilsentierodorato.it\/\"},{\"@type\":\"ListItem\",\"position\":2,\"name\":\"Home\"}]},{\"@type\":\"WebSite\",\"@id\":\"https:\/\/ilsentierodorato.it\/#website\",\"url\":\"https:\/\/ilsentierodorato.it\/\",\"name\":\"Il Sentiero Dorato\",\"description\":\"Prima infanzia (da 3 a 36 mesi) Scuola dell&#039;infanzia (da 3 a 5 anni) Animazione &amp; feste Laboratori pomeridiani\",\"publisher\":{\"@id\":\"https:\/\/ilsentierodorato.it\/#organization\"},\"potentialAction\":[{\"@type\":\"SearchAction\",\"target\":{\"@type\":\"EntryPoint\",\"urlTemplate\":\"https:\/\/ilsentierodorato.it\/?s={search_term_string}\"},\"query-input\":{\"@type\":\"PropertyValueSpecification\",\"valueRequired\":true,\"valueName\":\"search_term_string\"}}],\"inLanguage\":\"it-IT\"},{\"@type\":\"Organization\",\"@id\":\"https:\/\/ilsentierodorato.it\/#organization\",\"name\":\"Il sentiero dorato\",\"url\":\"https:\/\/ilsentierodorato.it\/\",\"logo\":{\"@type\":\"ImageObject\",\"inLanguage\":\"it-IT\",\"@id\":\"https:\/\/ilsentierodorato.it\/#\/schema\/logo\/image\/\",\"url\":\"https:\/\/ilsentierodorato.it\/wp-content\/uploads\/2021\/12\/PROVA-1.png\",\"contentUrl\":\"https:\/\/ilsentierodorato.it\/wp-content\/uploads\/2021\/12\/PROVA-1.png\",\"width\":300,\"height\":300,\"caption\":\"Il sentiero dorato\"},\"image\":{\"@id\":\"https:\/\/ilsentierodorato.it\/#\/schema\/logo\/image\/\"},\"sameAs\":[\"https:\/\/www.facebook.com\/ilsentierodorato\"]}]}<\/script>\n<!-- \/ Yoast SEO plugin. -->","yoast_head_json":{"title":"Il Sentiero Dorato","description":"\u201cIl Sentiero Dorato\u201d \u00e8 un luogo accogliente, familiare, dotato di giochi e spazi confortevoli ai bambini. I bambini sono il nostro futuro","robots":{"index":"index","follow":"follow","max-snippet":"max-snippet:-1","max-image-preview":"max-image-preview:large","max-video-preview":"max-video-preview:-1"},"canonical":"https:\/\/ilsentierodorato.it\/","og_locale":"it_IT","og_type":"article","og_title":"Il Sentiero Dorato","og_description":"\u201cIl Sentiero Dorato\u201d \u00e8 un luogo accogliente, familiare, dotato di giochi e spazi confortevoli ai bambini. I bambini sono il nostro futuro","og_url":"https:\/\/ilsentierodorato.it\/","og_site_name":"Il Sentiero Dorato","article_publisher":"https:\/\/www.facebook.com\/ilsentierodorato","article_modified_time":"2025-10-21T12:57:33+00:00","twitter_card":"summary_large_image","twitter_misc":{"Tempo di lettura stimato":"2 minuti"},"schema":{"@context":"https:\/\/schema.org","@graph":[{"@type":"WebPage","@id":"https:\/\/ilsentierodorato.it\/","url":"https:\/\/ilsentierodorato.it\/","name":"Il Sentiero Dorato","isPartOf":{"@id":"https:\/\/ilsentierodorato.it\/#website"},"datePublished":"2021-05-19T14:49:29+00:00","dateModified":"2025-10-21T12:57:33+00:00","description":"\u201cIl Sentiero Dorato\u201d \u00e8 un luogo accogliente, familiare, dotato di giochi e spazi confortevoli ai bambini. I bambini sono il nostro futuro","breadcrumb":{"@id":"https:\/\/ilsentierodorato.it\/#breadcrumb"},"inLanguage":"it-IT","potentialAction":[{"@type":"ReadAction","target":["https:\/\/ilsentierodorato.it\/"]}]},{"@type":"BreadcrumbList","@id":"https:\/\/ilsentierodorato.it\/#breadcrumb","itemListElement":[{"@type":"ListItem","position":1,"name":"Home","item":"https:\/\/ilsentierodorato.it\/"},{"@type":"ListItem","position":2,"name":"Home"}]},{"@type":"WebSite","@id":"https:\/\/ilsentierodorato.it\/#website","url":"https:\/\/ilsentierodorato.it\/","name":"Il Sentiero Dorato","description":"Prima infanzia (da 3 a 36 mesi) Scuola dell&#039;infanzia (da 3 a 5 anni) Animazione &amp; feste Laboratori pomeridiani","publisher":{"@id":"https:\/\/ilsentierodorato.it\/#organization"},"potentialAction":[{"@type":"SearchAction","target":{"@type":"EntryPoint","urlTemplate":"https:\/\/ilsentierodorato.it\/?s={search_term_string}"},"query-input":{"@type":"PropertyValueSpecification","valueRequired":true,"valueName":"search_term_string"}}],"inLanguage":"it-IT"},{"@type":"Organization","@id":"https:\/\/ilsentierodorato.it\/#organization","name":"Il sentiero dorato","url":"https:\/\/ilsentierodorato.it\/","logo":{"@type":"ImageObject","inLanguage":"it-IT","@id":"https:\/\/ilsentierodorato.it\/#\/schema\/logo\/image\/","url":"https:\/\/ilsentierodorato.it\/wp-content\/uploads\/2021\/12\/PROVA-1.png","contentUrl":"https:\/\/ilsentierodorato.it\/wp-content\/uploads\/2021\/12\/PROVA-1.png","width":300,"height":300,"caption":"Il sentiero dorato"},"image":{"@id":"https:\/\/ilsentierodorato.it\/#\/schema\/logo\/image\/"},"sameAs":["https:\/\/www.facebook.com\/ilsentierodorato"]}]}},"_links":{"self":[{"href":"https:\/\/ilsentierodorato.it\/index.php?rest_route=\/wp\/v2\/pages\/561","targetHints":{"allow":["GET"]}}],"collection":[{"href":"https:\/\/ilsentierodorato.it\/index.php?rest_route=\/wp\/v2\/pages"}],"about":[{"href":"https:\/\/ilsentierodorato.it\/index.php?rest_route=\/wp\/v2\/types\/page"}],"author":[{"embeddable":true,"href":"https:\/\/ilsentierodorato.it\/index.php?rest_route=\/wp\/v2\/users\/1"}],"replies":[{"embeddable":true,"href":"https:\/\/ilsentierodorato.it\/index.php?rest_route=%2Fwp%2Fv2%2Fcomments&post=561"}],"version-history":[{"count":71,"href":"https:\/\/ilsentierodorato.it\/index.php?rest_route=\/wp\/v2\/pages\/561\/revisions"}],"predecessor-version":[{"id":926,"href":"https:\/\/ilsentierodorato.it\/index.php?rest_route=\/wp\/v2\/pages\/561\/revisions\/926"}],"wp:attachment":[{"href":"https:\/\/ilsentierodorato.it\/index.php?rest_route=%2Fwp%2Fv2%2Fmedia&parent=561"}],"curies":[{"name":"wp","href":"https:\/\/api.w.org\/{rel}","templated":true}]}}